{"id":34,"date":"2018-05-27T15:48:11","date_gmt":"2018-05-27T13:48:11","guid":{"rendered":"http:\/\/localhost\/?page_id=34"},"modified":"2018-06-10T15:37:36","modified_gmt":"2018-06-10T13:37:36","slug":"pistole","status":"publish","type":"page","link":"https:\/\/triumph-schuetzen.de\/?page_id=34","title":{"rendered":"Sportschie\u00dfen Pistole"},"content":{"rendered":"<p><strong>Pistolenschie\u00dfen<\/strong><\/p>\n<p>Beim Pistolensch\u00fctzen werden, eine ruhige Hand, Konzentration, K\u00f6rperbeherrschung und Kraft verlangt. Kraft zumindest in dem Arm, der die Waffe frei h\u00e4lt und gleichzeitig zur Schussabgabe einen Abzugswiderstand von 500 g \u00fcberwinden muss, ohne dabei die Pistole zu sehr zu bewegen.<\/p>\n<p>Dass dies, trotz des Trainierens einer ausgefeilten Technik und strenger Einhaltung eines zeitlichen Schie\u00dfablaufes sehr schwer ist, soll Schie\u00dfanf\u00e4nger nicht davon abhalten, sich f\u00fcr diese Disziplin zu interessieren um sich dann zu entscheiden.<\/p>\n<p>Jedes Ding hat ja bekanntlich zwei Seiten. So ben\u00f6tigt der Pistolensch\u00fctze lediglich eine Pistole um seinen Sport erfolgreich aus\u00fcben zu k\u00f6nnen. Es ist keine weitere Ausr\u00fcstung n\u00f6tig, was sich nat\u00fcrlich auch im Anschaffungspreis bemerkbar macht.<\/p>\n<p>Sp\u00e4testen im Sommer, bei warmen Wetter versp\u00fcrt der Pistolensch\u00fctze eine gewisse Best\u00e4tigung seiner Entscheidung, wenn neben Ihm ein Gewehrsch\u00fctze schwitzend in voller Ausr\u00fcstung trainiert, w\u00e4hrend er mit Short und T-Shirt am Stand steht.<\/p>\n<p><strong>Pistolenschie\u00dfen aufgelegt<\/strong><\/p>\n<p>Der Schie\u00dfsport kann bis ins hohe Alter mit Freude ausge\u00fcbt werden. Bedingt durch Alter und nachlassende K\u00f6rperkr\u00e4fte werden die Erfolgserlebnisse allerdings weniger werden.<\/p>\n<p>Der Deutsche Sch\u00fctzenbund hat deshalb neue, seniorengerechte Disziplinen ins Leben gerufen. Diese Disziplinen erm\u00f6glichen unseren Sch\u00fctzen ab dem 51. Lebensjahr ihren geliebten Schie\u00dfsport ohne gro\u00dfe Kraftanstrengung, jedoch mit gleicher Anforderung an die Konzentration, auszu\u00fcben.<\/p>\n<p>Mittels eines genau definierten Auflagebockes kann nun die Waffe mit einem Bruchteil der vorher ben\u00f6tigten Haltekraft gehalten werden.<\/p>\n<p>Durch das ruhige Halten der Waffe, kann sich der Sch\u00fctze nun voll auf die Visierung und den Abzug konzentrieren. Resultat: Schie\u00dfergebnisse wie in jungen Jahren. Da macht der Schie\u00dfsport gleich wieder doppelt Freude.<\/p>\n<p>Bei uns stehen selbstverst\u00e4ndlich die entsprechenden Sportger\u00e4te mit Zubeh\u00f6r zur Verf\u00fcgung.<\/p>\n","protected":false},"excerpt":{"rendered":"<p>Pistolenschie\u00dfen Beim Pistolensch\u00fctzen werden, eine ruhige Hand, Konzentration, K\u00f6rperbeherrschung und Kraft verlangt. Kraft zumindest in dem Arm, der die Waffe frei h\u00e4lt und gleichzeitig zur Schussabgabe einen Abzugswiderstand von 500 g \u00fcberwinden muss, ohne dabei die Pistole zu sehr zu bewegen. Dass dies, trotz des Trainierens einer ausgefeilten Technik und&#8230;<\/p>\n","protected":false},"author":1,"featured_media":0,"parent":0,"menu_order":0,"comment_status":"closed","ping_status":"closed","template":"","meta":{"footnotes":""},"class_list":["post-34","page","type-page","status-publish","hentry"],"_links":{"self":[{"href":"https:\/\/triumph-schuetzen.de\/index.php?rest_route=\/wp\/v2\/pages\/34","targetHints":{"allow":["GET"]}}],"collection":[{"href":"https:\/\/triumph-schuetzen.de\/index.php?rest_route=\/wp\/v2\/pages"}],"about":[{"href":"https:\/\/triumph-schuetzen.de\/index.php?rest_route=\/wp\/v2\/types\/page"}],"author":[{"embeddable":true,"href":"https:\/\/triumph-schuetzen.de\/index.php?rest_route=\/wp\/v2\/users\/1"}],"replies":[{"embeddable":true,"href":"https:\/\/triumph-schuetzen.de\/index.php?rest_route=%2Fwp%2Fv2%2Fcomments&post=34"}],"version-history":[{"count":5,"href":"https:\/\/triumph-schuetzen.de\/index.php?rest_route=\/wp\/v2\/pages\/34\/revisions"}],"predecessor-version":[{"id":246,"href":"https:\/\/triumph-schuetzen.de\/index.php?rest_route=\/wp\/v2\/pages\/34\/revisions\/246"}],"wp:attachment":[{"href":"https:\/\/triumph-schuetzen.de\/index.php?rest_route=%2Fwp%2Fv2%2Fmedia&parent=34"}],"curies":[{"name":"wp","href":"https:\/\/api.w.org\/{rel}","templated":true}]}}