{"id":30,"date":"2018-05-27T15:47:55","date_gmt":"2018-05-27T13:47:55","guid":{"rendered":"http:\/\/localhost\/?page_id=30"},"modified":"2018-06-10T15:38:07","modified_gmt":"2018-06-10T13:38:07","slug":"geselligkeit","status":"publish","type":"page","link":"https:\/\/triumph-schuetzen.de\/?page_id=30","title":{"rendered":"Feste und Feiern"},"content":{"rendered":"<p><strong>Feste und Feiern<\/strong><\/p>\n<p>Man soll die Feste feiern wie sie fallen. Dies ist auch unser Wahlspruch an dem wir uns stets orientieren.<\/p>\n<p>Gibt es in manchen Sch\u00fctzenvereinen auch die Tendenz an Festen und Feiern zu sparen und nur noch die K\u00f6nigsfeier als einzige Veranstaltung durchzuf\u00fchren, so ist es bei uns noch anders.<\/p>\n<p>Kleinere gesellschaftliche Veranstaltungen wie Faschingsschie\u00dfen, Oster-schie\u00dfen und Familienschie\u00dfen sind ebenso Anlass f\u00fcr Spa\u00df und Miteinander, wie die festliche K\u00f6nigsfeier, die besinnliche Weihnachtsfeier oder der Gauehrenabend mit vielen Vereinen, Tanz und Musik.<\/p>\n<p>Was eignet sich schon besser zur St\u00e4rkung und F\u00f6rderung einer Gemeinschaft, als gemeinsam zu feiern?<\/p>\n<p>&nbsp;<\/p>\n<p>&nbsp;<\/p>\n","protected":false},"excerpt":{"rendered":"<p>Feste und Feiern Man soll die Feste feiern wie sie fallen. Dies ist auch unser Wahlspruch an dem wir uns stets orientieren. Gibt es in manchen Sch\u00fctzenvereinen auch die Tendenz an Festen und Feiern zu sparen und nur noch die K\u00f6nigsfeier als einzige Veranstaltung durchzuf\u00fchren, so ist es bei uns&#8230;<\/p>\n","protected":false},"author":1,"featured_media":0,"parent":0,"menu_order":0,"comment_status":"closed","ping_status":"closed","template":"","meta":{"footnotes":""},"class_list":["post-30","page","type-page","status-publish","hentry"],"_links":{"self":[{"href":"https:\/\/triumph-schuetzen.de\/index.php?rest_route=\/wp\/v2\/pages\/30","targetHints":{"allow":["GET"]}}],"collection":[{"href":"https:\/\/triumph-schuetzen.de\/index.php?rest_route=\/wp\/v2\/pages"}],"about":[{"href":"https:\/\/triumph-schuetzen.de\/index.php?rest_route=\/wp\/v2\/types\/page"}],"author":[{"embeddable":true,"href":"https:\/\/triumph-schuetzen.de\/index.php?rest_route=\/wp\/v2\/users\/1"}],"replies":[{"embeddable":true,"href":"https:\/\/triumph-schuetzen.de\/index.php?rest_route=%2Fwp%2Fv2%2Fcomments&post=30"}],"version-history":[{"count":5,"href":"https:\/\/triumph-schuetzen.de\/index.php?rest_route=\/wp\/v2\/pages\/30\/revisions"}],"predecessor-version":[{"id":248,"href":"https:\/\/triumph-schuetzen.de\/index.php?rest_route=\/wp\/v2\/pages\/30\/revisions\/248"}],"wp:attachment":[{"href":"https:\/\/triumph-schuetzen.de\/index.php?rest_route=%2Fwp%2Fv2%2Fmedia&parent=30"}],"curies":[{"name":"wp","href":"https:\/\/api.w.org\/{rel}","templated":true}]}}