{"id":275,"date":"2018-06-10T15:53:44","date_gmt":"2018-06-10T13:53:44","guid":{"rendered":"http:\/\/michaelbeetz.de\/?page_id=275"},"modified":"2025-10-20T19:52:59","modified_gmt":"2025-10-20T17:52:59","slug":"unser-verein","status":"publish","type":"page","link":"https:\/\/triumph-schuetzen.de\/?page_id=275","title":{"rendered":"Unser Verein"},"content":{"rendered":"<p><strong>Unser Verein<\/strong><\/p>\n<p>Gegr\u00fcndet 1935 als Betriebssportgruppe der damaligen Triumph Werke im Westen N\u00fcrnbergs, besteht die SG Triumph nun schon seit \u00fcber 90 Jahren.<\/p>\n<p>Heute z\u00e4hlt unser Verein zwar nur noch ca. 30 Mitglieder mit durchaus zufrieden-stellenden sportlichen Erfolgen, aber unserem wesentlichen Merkmal, der geselligen und harmonischen Gemeinschaft, sind wir dennoch treu geblieben.<\/p>\n<p>Unsere Gemeinschaft, die man schon fast als famili\u00e4r bezeichnen kann, beschr\u00e4nkt sich nicht nur auf das schie\u00dfsportliche Miteinander, sondern setzt sich in vielen anderen gemeinsamen Aktivit\u00e4ten fort.<\/p>\n<p>Das entspricht unseren Vorstellungen von einem guten Vereinsleben.<\/p>\n<p><strong>unsere Ziele<\/strong><\/p>\n<p>Ziel unseres Vereines ist die F\u00f6rderung des Sportschie\u00dfens, im Besonderen mit dem Luftgewehr und der Luftpistole. Die damit einhergehende gesundheitliche F\u00f6rderung unserer Mitglieder in den Bereichen Konzentrationsf\u00e4higkeit, K\u00f6rper-beherrschung und Fitness, geschieht dabei zwangsl\u00e4ufig.<\/p>\n<p>Daneben unterst\u00fctzt unser Verein die Allgemeinheit durch erschwingliche Beitr\u00e4ge, sowie das Sozialwesen durch gemeinsame Unternehmungen und regelm\u00e4\u00dfige Vereinsabende mit allen Altersgruppen.<\/p>\n<p>Auf einen kurzen Nenner gebracht: Wir haben Spa\u00df beim gemeinsamen sportlichen Schie\u00dfen und bei geselligen und lustigen Vereinsabenden.<\/p>\n<p>Auch bieten wir uns untereinander gemeinschaftliche Hilfe.<\/p>\n","protected":false},"excerpt":{"rendered":"<p>Unser Verein Gegr\u00fcndet 1935 als Betriebssportgruppe der damaligen Triumph Werke im Westen N\u00fcrnbergs, besteht die SG Triumph nun schon seit \u00fcber 90 Jahren. Heute z\u00e4hlt unser Verein zwar nur noch ca. 30 Mitglieder mit durchaus zufrieden-stellenden sportlichen Erfolgen, aber unserem wesentlichen Merkmal, der geselligen und harmonischen Gemeinschaft, sind wir dennoch&#8230;<\/p>\n","protected":false},"author":1,"featured_media":0,"parent":0,"menu_order":0,"comment_status":"closed","ping_status":"closed","template":"","meta":{"footnotes":""},"class_list":["post-275","page","type-page","status-publish","hentry"],"_links":{"self":[{"href":"https:\/\/triumph-schuetzen.de\/index.php?rest_route=\/wp\/v2\/pages\/275","targetHints":{"allow":["GET"]}}],"collection":[{"href":"https:\/\/triumph-schuetzen.de\/index.php?rest_route=\/wp\/v2\/pages"}],"about":[{"href":"https:\/\/triumph-schuetzen.de\/index.php?rest_route=\/wp\/v2\/types\/page"}],"author":[{"embeddable":true,"href":"https:\/\/triumph-schuetzen.de\/index.php?rest_route=\/wp\/v2\/users\/1"}],"replies":[{"embeddable":true,"href":"https:\/\/triumph-schuetzen.de\/index.php?rest_route=%2Fwp%2Fv2%2Fcomments&post=275"}],"version-history":[{"count":5,"href":"https:\/\/triumph-schuetzen.de\/index.php?rest_route=\/wp\/v2\/pages\/275\/revisions"}],"predecessor-version":[{"id":2259,"href":"https:\/\/triumph-schuetzen.de\/index.php?rest_route=\/wp\/v2\/pages\/275\/revisions\/2259"}],"wp:attachment":[{"href":"https:\/\/triumph-schuetzen.de\/index.php?rest_route=%2Fwp%2Fv2%2Fmedia&parent=275"}],"curies":[{"name":"wp","href":"https:\/\/api.w.org\/{rel}","templated":true}]}}