{"id":262,"date":"2018-06-10T15:46:12","date_gmt":"2018-06-10T13:46:12","guid":{"rendered":"http:\/\/michaelbeetz.de\/?page_id=262"},"modified":"2020-08-19T11:24:43","modified_gmt":"2020-08-19T09:24:43","slug":"unser-sport","status":"publish","type":"page","link":"https:\/\/triumph-schuetzen.de\/?page_id=262","title":{"rendered":"Unser Sport"},"content":{"rendered":"<p><strong>unser Sport &#8211; Sportschie\u00dfen<\/strong><\/p>\n<p>ein Sport, der viel Freude bereitet und Menschen, von der Jugend bis hin ins hohe Alter, begeistern und begleiten kann. In kaum einer anderen Sportart kann z.B. ein Jungsch\u00fctze, zusammen mit seiner Schwester, dem Vater und dem Gro\u00dfvater, in der gleichen Mannschaft starten. Schie\u00dfsport ist Familiensport in jedem Lebensalter.<\/p>\n<p>Grundlage f\u00fcr unseren Sport ist die sprichw\u00f6rtlich ruhige Hand, daneben bedarf es innerer Ruhe und Ausgeglichenheit, um seinen K\u00f6rper und Geist unter Kontrolle halten zu k\u00f6nnen. Regeln und Verantwortung geh\u00f6ren unabdingbar dazu. Diese Tatsachen widersprechen dem in der \u00f6ffentlichen Meinung propagierten Bild \u00fcber die Sport-sch\u00fctzen zum Teil erheblich.<\/p>\n<p>Als Unterst\u00fctzung zum sportlichen \u00dcben, steht der Verein mit seiner Geselligkeit und entspannenden Atmosph\u00e4re zur Seite. Man f\u00fchlt sich aufgehoben, dem Alltagsstress entronnen und vor allem nicht alleine.<\/p>\n<p>Dies ist wahrscheinlich der Grund daf\u00fcr, warum unsere Mitglieder so treu zu uns halten.<\/p>\n<p><strong>weitere Schie\u00dfdisziplinen<\/strong><\/p>\n<p>Der Deutsche Sch\u00fctzenbund ist ein Sportverband, der seinen Mitgliedern ein breites Spektrum attraktiver Disziplinen anzubieten hat. Ob man sich f\u00fcr das rasante Wurfscheibenschie\u00dfen oder den eleganten Bogensport interessiert, die klassischen Disziplinen mit Gewehr und Pistole aus\u00fcbt oder dem dynamischen Sommerbiathlon nachgeht &#8211; alle Sportarten haben ihren individuellen Reiz. (Text: Deutscher Sch\u00fctzenbund)<\/p>\n<p>Da unser Verein Mitglied im Deutschen Sch\u00fctzenbund ist, verweisen wir auf dessen Homepage. Hier finden Sie einen Gesamt\u00fcberblick der Disziplinen, die der Deutsche Sch\u00fctzenbund in seinem Sportprogramm anbietet.<\/p>\n<p>Bei uns, der SG Triumph N\u00fcrnberg e.V. werden haupts\u00e4chlich Luftdruckwaffen wie Luftpistole und Luftgewehr geschossen. Es besteht allerdings die M\u00f6glichkeit, an unseren Vereinsabenden auch andere Disziplinen, wie z.B. Kleinkaliber Sportpistole und Gewehr, Zimmerstutzen, &#8230;\u00a0 zu schie\u00dfen.<\/p>\n","protected":false},"excerpt":{"rendered":"<p>unser Sport &#8211; Sportschie\u00dfen ein Sport, der viel Freude bereitet und Menschen, von der Jugend bis hin ins hohe Alter, begeistern und begleiten kann. In kaum einer anderen Sportart kann z.B. ein Jungsch\u00fctze, zusammen mit seiner Schwester, dem Vater und dem Gro\u00dfvater, in der gleichen Mannschaft starten. Schie\u00dfsport ist Familiensport&#8230;<\/p>\n","protected":false},"author":1,"featured_media":0,"parent":0,"menu_order":0,"comment_status":"closed","ping_status":"closed","template":"","meta":{"footnotes":""},"class_list":["post-262","page","type-page","status-publish","hentry"],"_links":{"self":[{"href":"https:\/\/triumph-schuetzen.de\/index.php?rest_route=\/wp\/v2\/pages\/262","targetHints":{"allow":["GET"]}}],"collection":[{"href":"https:\/\/triumph-schuetzen.de\/index.php?rest_route=\/wp\/v2\/pages"}],"about":[{"href":"https:\/\/triumph-schuetzen.de\/index.php?rest_route=\/wp\/v2\/types\/page"}],"author":[{"embeddable":true,"href":"https:\/\/triumph-schuetzen.de\/index.php?rest_route=\/wp\/v2\/users\/1"}],"replies":[{"embeddable":true,"href":"https:\/\/triumph-schuetzen.de\/index.php?rest_route=%2Fwp%2Fv2%2Fcomments&post=262"}],"version-history":[{"count":4,"href":"https:\/\/triumph-schuetzen.de\/index.php?rest_route=\/wp\/v2\/pages\/262\/revisions"}],"predecessor-version":[{"id":1349,"href":"https:\/\/triumph-schuetzen.de\/index.php?rest_route=\/wp\/v2\/pages\/262\/revisions\/1349"}],"wp:attachment":[{"href":"https:\/\/triumph-schuetzen.de\/index.php?rest_route=%2Fwp%2Fv2%2Fmedia&parent=262"}],"curies":[{"name":"wp","href":"https:\/\/api.w.org\/{rel}","templated":true}]}}