{"id":116,"date":"2018-06-09T16:00:39","date_gmt":"2018-06-09T14:00:39","guid":{"rendered":"http:\/\/michaelbeetz.de\/?page_id=116"},"modified":"2024-05-05T20:50:07","modified_gmt":"2024-05-05T18:50:07","slug":"datenschutzerklaerung","status":"publish","type":"page","link":"https:\/\/triumph-schuetzen.de\/?page_id=116","title":{"rendered":"Datenschutzerkl\u00e4rung"},"content":{"rendered":"<p>&nbsp;<\/p>\n<p><strong>Sch\u00fctzengesellschaft Triumph N\u00fcrnberg e.V.<\/strong><\/p>\n<p>Bernhard-von-Weimar-Str. 5<\/p>\n<p>90768 F\u00fcrth<\/p>\n<p>&nbsp;<\/p>\n<p><strong>Vertreten durch:<\/strong><\/p>\n<p>Erster Sch\u00fctzenmeister:\u00a0\u00a0\u00a0\u00a0\u00a0\u00a0\u00a0\u00a0 Herr Hans-Rainer Beetz, Tel.: +49 (0)911 9726461, hans-rainer.beetz@t-online.de<br \/>\nZweite Sch\u00fctzenmeisterin:\u00a0 \u00a0 \u00a0Frau Ingeborg Krauss<\/p>\n<p><strong>Verantwortlicher:<\/strong><\/p>\n<p>Tel.: +49 (0)911 9726461<br \/>\nhans-rainer.beetz@t-online.de<\/p>\n<p>&nbsp;<\/p>\n<p><strong>Allgemeine Hinweise<\/strong><\/p>\n<p>Nachfolgend m\u00f6chten wir Sie \u00fcber die Art, den Umfang und die Zwecke der Erhebung und Verwendung Ihrer personenbezogenen Daten auf unserer Webseite informieren. Wir behandeln personenbezogene Daten gem\u00e4\u00df dieser Datenschutzerkl\u00e4rung und der gesetzlichen Vorschriften grunds\u00e4tzlich vertraulich. Den Schutz Ihrer pers\u00f6nlichen Daten nehmen wir sehr ernst. Wenn Sie unsere Website benutzen, werden verschiedene personenbezogen Daten erhoben. Personenbezogene Daten sind Daten, mit denen Sie pers\u00f6nlich identifiziert werden k\u00f6nnen. Die vorliegende Datenschutzerkl\u00e4rung erl\u00e4utert, welche Daten wir erheben und wof\u00fcr wir diese nutzen. Sie erl\u00e4utert auch, wie und zu welchem Zweck das geschieht. Eine Daten\u00fcbertragung im Internet kann z.B. bei E-Mail-Kommunikation Sicherheitsl\u00fccken aufweisen Wir m\u00f6chten Sie darauf hinweisen, dass ein l\u00fcckenloser Schutz der Daten vor dem Zugriff durch Dritte nicht m\u00f6glich ist.<\/p>\n<p><strong>Datenerfassung auf unserer Website<\/strong><\/p>\n<p><strong>Hosting<\/strong><\/p>\n<p>Unsere in Anspruch genommenen Hosting &#8211; Leistungen, um den Betrieb der Homepage sicherzustellen, umfassen folgende Leistungen: Plattformdienstleistungen, Webspace, Datenbank, technische Wartung.<\/p>\n<p><strong>Welche Daten werden erfasst und wie?<\/strong><\/p>\n<p><strong>\u00a0<\/strong><strong>Server-Log-Dateien<\/strong><\/p>\n<p>Der Provider der Seiten erhebt und speichert automatisch Informationen in so genannten<\/p>\n<p>Server -Log -Dateien, die Ihr Browser automatisch \u00fcbermittelt. Dies sind:<\/p>\n<ul>\n<li>Browsertyp und Browserversion<\/li>\n<li>verwendetes Betriebssystem<\/li>\n<li>Referrer URL<\/li>\n<li>Hostname des zugreifenden Rechners<\/li>\n<li>Uhrzeit der Serveranfrage<\/li>\n<li>IP-Adresse<\/li>\n<\/ul>\n<p>Diese werden ben\u00f6tigt, um Angriffe, einen fehlerhaften Code oder allgemeine Fehler zu identifizieren und werden nach vier Wochen vom Webserver automatisch gel\u00f6scht. Eine Zusammenf\u00fchrung dieser Daten mit anderen Datenquellen findet nicht statt. Grundlage f\u00fcr die Datenverarbeitung ist Art. 6 Abs. 1, b DSGVO, der die Verarbeitung von Daten zur Erf\u00fcllung eines Vertrags oder vorvertraglicher Ma\u00dfnahmen gestattet.<\/p>\n<p><strong>Cookies<\/strong><\/p>\n<p>Die Internetseiten verwenden so genannte Cookies. Cookies richten auf Ihrem Rechner keinen Schaden an und enthalten keine Viren. Cookies dienen dazu, unser Angebot nutzerfreundlicher, effektiver und sicherer zu machen. Cookies sind kleine Textdateien, die auf Ihrem Rechner abgelegt werden und die Ihr Browser speichert.<\/p>\n<p>Die meisten der von uns verwendeten Cookies sind so genannte \u201cSession &#8211; Cookies\u201d. Sie werden nach Ende Ihres Besuchs automatisch gel\u00f6scht. Andere Cookies bleiben auf Ihrem Endger\u00e4t gespeichert bis Sie diese l\u00f6schen. Diese Cookies erm\u00f6glichen es uns, Ihren Browser beim n\u00e4chsten Besuch wiederzuerkennen. Sie k\u00f6nnen Ihren Browser so einstellen, dass Sie \u00fcber das Setzen von Cookies informiert werden und Cookies nur im Einzelfall erlauben, die Annahme von Cookies f\u00fcr bestimmte F\u00e4lle oder generell ausschlie\u00dfen sowie das automatische L\u00f6schen der Cookies beim Schlie\u00dfen des Browsers aktivieren.<\/p>\n<p>Bei der Deaktivierung von Cookies kann die Funktionalit\u00e4t dieser Website eingeschr\u00e4nkt sein. Cookies, die zur Durchf\u00fchrung des elektronischen Kommunikationsvorgangs oder zur Bereitstellung bestimmter, von Ihnen erw\u00fcnschter Funktionen (z.B. Warenkorbfunktion) erforderlich sind, werden auf Grundlage von Art. 6 Abs. 1, f DSGVO gespeichert. Der Websitebetreiber hat ein berechtigtes Interesse an der Speicherung von Cookies zur technisch fehlerfreien und optimierten Bereitstellung seiner Dienste.<\/p>\n<p><strong>Wof\u00fcr werden erhobene Daten genutzt?<\/strong><\/p>\n<p>Ein Teil der Daten wird erhoben, um eine fehlerfreie Bereitstellung der Website zu gew\u00e4hrleisten. Andere Daten k\u00f6nnen zur Analyse des Nutzerverhaltens verwendet werden.<\/p>\n<p><strong>Analyse &#8211; Tools und Tools von Drittanbietern<\/strong><\/p>\n<p>Wir verwenden keine Analyse -Tools und Tools von Drittanbietern.<\/p>\n<p><strong>Kontaktformulare, RSS &#8211; Feeds, Onlinemelder<\/strong><\/p>\n<p>Wir verarbeiten Daten (z. B. Namen und Adressen sowie Kontaktdaten von Nutzern), die in den Kontaktformularen, Anmeldung f\u00fcr RSS &#8211; Feeds oder im Onlinemelder erhoben werden, um vertraglichen Verpflichtungen, Serviceleistungen und der Organisation von Wettk\u00e4mpfen und Veranstaltungen nachzukommen. Ebenso werden die Vertragsdaten bei einer Bestellung oder soweit aktiviert einer Bestellung im Online \u2013 Shop (z.B. in Anspruch genommene Leistungen, Name, Adresse, Kontaktdaten, Zahlungsinformationen) zwecks Erf\u00fcllung unserer vertraglichen Verpflichtungen gem. Art. 6 Abs. 1 DSGVO verarbeitet.<\/p>\n<p><strong>Routenplaner<\/strong><\/p>\n<p>Auf unserer Homepage kann als Routenplaner Google Maps implementiert sein. Hierf\u00fcr<\/p>\n<p>gelten die Datenschutzerkl\u00e4rung und Nutzungsbedingungen von Google:<\/p>\n<p><a href=\"https:\/\/policies.google.com\/privacy?hl=de&amp;gl=dehttps:\/\/policies.google.com\/privacy?hl=de&amp;gl=de\"><strong>https:\/\/policies.google.com\/privacy?hl=de&amp;gl=dehttps:\/\/policies.google.com\/privacy?hl=de&amp;gl=de<\/strong><\/a><\/p>\n<p><strong>Welche Rechte haben Sie bez\u00fcglich Ihrer Daten?<\/strong><\/p>\n<p><strong>\u00a0<\/strong><strong>Auskunft, Sperrung, L\u00f6schung<\/strong><\/p>\n<p>Sie haben jederzeit das Recht unentgeltlich Auskunft \u00fcber Herkunft, Empf\u00e4nger und Zweck Ihrer gespeicherten personenbezogenen Daten zu erhalten. Sie haben au\u00dferdem das Recht, die Berichtigung, Sperrung oder L\u00f6schung Ihrer Daten zu verlangen. Des Weiteren steht Ihnen ein Beschwerderecht bei der zust\u00e4ndigen Aufsichtsbeh\u00f6rde zu.<\/p>\n<p><strong>Widerruf Ihrer Einwilligung zur Datenverarbeitung<\/strong><\/p>\n<p>Viele Datenverarbeitungsvorg\u00e4nge sind nur mit Ihrer ausdr\u00fccklichen Einwilligung m\u00f6glich. Sie k\u00f6nnen eine bereits erteilte Einwilligung jederzeit widerrufen. Dazu reicht eine formlose Mitteilung per E-Mail an uns. Die Rechtm\u00e4\u00dfigkeit der bis zum Widerruf erfolgten Datenverarbeitung bleibt vom Widerruf unber\u00fchrt.<\/p>\n<p><strong>Ver\u00f6ffentlichung von Daten und Fotos auf der Homepage<\/strong><\/p>\n<p>In unseren online -Medien wird zum Beispiel von Veranstaltungen und Wettbewerben in Ton, Bild, Video und Text berichtet. Au\u00dferdem werden Ergebnislisten dieser Wettbewerbe ver\u00f6ffentlicht. Eine entsprechende Ergebnisliste ist zwingender Bestandteil des sportlichen Wettkampfes, denn dem sportlichen Wettbewerb ist es immanent, dass man sich mit seinem sportlichen Kontrahenten misst und vergleicht und am Ende feststellt, wer der bessere ist. Diese Feststellung geschieht durch die Ver\u00f6ffentlichung der Ergebnisliste. Damit hat diese aber auch eine Bedeutung f\u00fcr die Zukunft, denn auch zuk\u00fcnftig ist es aus sportlicher Sicht interessant zu wissen, wie der einzelne Teilnehmer bei dem Wettbewerben abgeschnitten hat. Mit der Teilnahme an einem Wettbewerb oder einer Veranstaltung erkl\u00e4rt sich der Teilnehmer bereit, dass diese Daten, Bilder, Videos erfasst und ver\u00f6ffentlicht werden. Eine sp\u00e4tere L\u00f6schung dieser oder Streichung insbesondere aus den Ergebnislisten erfolgt daher nicht; auch nicht auf Verlangen oder bei Austritt des Teilnehmers aus der Gesellschaft. Sportlerinnen und Sportler, die eine Ver\u00f6ffentlichung ihrer Daten in Ergebnislisten sowie Berichterstattung von Wettbewerben mit ihrer Namensnennung oder Ver\u00f6ffentlichung ihrer Person in Ton, Bild oder Film auf dem Siegertreppchen oder Wettkampf nicht w\u00fcnschen, d\u00fcrfen daher nicht an dem Wettbewerb teilnehmen.<\/p>\n<p><strong>Beschwerderecht bei der zust\u00e4ndigen Aufsichtsbeh\u00f6rde<\/strong><\/p>\n<p>Im Falle datenschutzrechtlicher Verst\u00f6\u00dfe steht dem Betroffenen ein Beschwerderecht bei der zust\u00e4ndigen Aufsichtsbeh\u00f6rde zu. Die Beschwerde kann \u00fcber den Link<\/p>\n<p><a href=\"https:\/\/www.lda.bayern.de\/de\/beschwerde.html\"><strong>https:\/\/www.lda.bayern.de\/de\/beschwerde.html<\/strong><\/a><\/p>\n<p>an die zust\u00e4ndigen Landesdatenschutzbeauftragten der Aufsichtsbeh\u00f6rde in Bayern erfolgen.<\/p>\n<p><strong>Recht auf Daten\u00fcbertragbarkeit<\/strong><\/p>\n<p>Sie haben das Recht, Daten, die wir auf Grundlage Ihrer Einwilligung oder in Erf\u00fcllung eines Vertrags automatisiert verarbeiten, an sich oder an einen Dritten in einem g\u00e4ngigen, maschinenlesbaren Format aush\u00e4ndigen zu lassen. Sofern Sie die direkte \u00dcbertragung der Daten an einen anderen Verantwortlichen verlangen, erfolgt dies nur, soweit es technisch ohne besonderen Aufwand machbar ist.<\/p>\n<p><strong>SSL &#8211; bzw. TLS \u2013 Verschl\u00fcsselung<\/strong><\/p>\n<p>Diese Seite kann aus Sicherheitsgr\u00fcnden und zum Schutz der \u00dcbertragung vertraulicher Inhalte, wie zum Beispiel Bestellungen oder Anfragen, die Sie an uns als Seitenbetreiber senden, eine SSL &#8211; bzw. TLS \u2013 Verschl\u00fcsselung enthalten. Eine verschl\u00fcsselte Verbindung erkennen Sie daran, dass die Adresszeile des Browsers von \u201chttp:\/\/\u201d auf \u201chttps:\/\/\u201d wechselt und an dem Schloss &#8211; Symbol in Ihrer Browserzeile. Wenn die SSL &#8211; bzw. TLS &#8211; Verschl\u00fcsselung aktiviert ist, werden die Daten, die Sie an uns \u00fcbermitteln, verschl\u00fcsselt und k\u00f6nnen so nicht oder erschwert von Dritten mitgelesen werden.<\/p>\n<p><strong>Datenschutzbestimmungen zu Einsatz und Verwendung von Facebook<\/strong><\/p>\n<p>Der f\u00fcr die Verarbeitung Verantwortliche hat auf dieser Internetseite Komponenten des Unternehmens Facebook integriert. Facebook ist ein soziales Netzwerk. Ein soziales Netzwerk ist ein im Internet betriebener sozialer Treffpunkt, eine Online-Gemeinschaft, die es den Nutzern in der Regel erm\u00f6glicht, untereinander zu kommunizieren und im virtuellen Raum zu interagieren. Ein soziales Netzwerk kann als Plattform zum Austausch von Meinungen und Erfahrungen dienen oder erm\u00f6glicht es der Internetgemeinschaft, pers\u00f6nliche oder unternehmensbezogene Informationen bereitzustellen. Facebook erm\u00f6glicht den Nutzern des sozialen Netzwerkes unter anderem die Erstellung von privaten Profilen, den Upload von Fotos und eine Vernetzung \u00fcber Freundschaftsanfragen. Betreibergesellschaft von Facebook ist die Facebook, Inc., 1 Hacker Way, Menlo Park, CA 94025, USA. F\u00fcr die Verarbeitung personenbezogener Daten Verantwortlicher ist, wenn eine betroffene Person au\u00dferhalb der USA oder Kanada lebt, die Facebook Ireland Ltd., 4 Grand Canal Square, Grand Canal Harbour, Dublin 2, Ireland.<\/p>\n<p>Durch jeden Aufruf einer der Einzelseiten dieser Internetseite, die durch den f\u00fcr die Verarbeitung Verantwortlichen betrieben wird und auf welcher eine Facebook-Komponente (Facebook-Plug-In) integriert wurde, wird der Internetbrowser auf dem informationstechnologischen System der betroffenen Person automatisch durch die jeweilige Facebook-Komponente veranlasst, eine Darstellung der entsprechenden Facebook-Komponente von Facebook herunterzuladen. Eine Gesamt\u00fcbersicht \u00fcber alle Facebook-Plug-Ins kann unter https:\/\/developers.facebook.com\/docs\/plugins\/?locale=de_DE abgerufen werden. Im Rahmen dieses technischen Verfahrens erh\u00e4lt Facebook Kenntnis dar\u00fcber, welche konkrete Unterseite unserer Internetseite durch die betroffene Person besucht wird.<\/p>\n<p>Sofern die betroffene Person gleichzeitig bei Facebook eingeloggt ist, erkennt Facebook mit jedem Aufruf unserer Internetseite durch die betroffene Person und w\u00e4hrend der gesamten Dauer des jeweiligen Aufenthaltes auf unserer Internetseite, welche konkrete Unterseite unserer Internetseite die betroffene Person besucht. Diese Informationen werden durch die Facebook-Komponente gesammelt und durch Facebook dem jeweiligen Facebook-Account der betroffenen Person zugeordnet. Bet\u00e4tigt die betroffene Person einen der auf unserer Internetseite integrierten Facebook-Buttons, beispielsweise den \u201eGef\u00e4llt mir\u201c-Button, oder gibt die betroffene Person einen Kommentar ab, ordnet Facebook diese Information dem pers\u00f6nlichen Facebook-Benutzerkonto der betroffenen Person zu und speichert diese personenbezogenen Daten. Facebook erh\u00e4lt \u00fcber die Facebook-Komponente immer dann eine Information dar\u00fcber, dass die betroffene Person unsere Internetseite besucht hat, wenn die betroffene Person zum Zeitpunkt des Aufrufs unserer Internetseite gleichzeitig bei Facebook eingeloggt ist; dies findet unabh\u00e4ngig davon statt, ob die betroffene Person die Facebook-Komponente anklickt oder nicht. Ist eine derartige \u00dcbermittlung dieser Informationen an Facebook von der betroffenen Person nicht gewollt, kann diese die \u00dcbermittlung dadurch verhindern, dass sie sich vor einem Aufruf unserer Internetseite aus ihrem Facebook-Account aus loggt. Die von Facebook ver\u00f6ffentlichte Datenrichtlinie, die unter https:\/\/de-de.facebook.com\/about\/privacy\/ abrufbar ist, gibt Aufschluss \u00fcber die Erhebung, Verarbeitung und Nutzung personenbezogener Daten durch Facebook. Ferner wird dort erl\u00e4utert, welche Einstellungsm\u00f6glichkeiten Facebook zum Schutz der Privatsph\u00e4re der betroffenen Person bietet. Zudem sind unterschiedliche Applikationen erh\u00e4ltlich, die es erm\u00f6glichen, eine Daten\u00fcbermittlung an Facebook zu unterdr\u00fccken. Solche Applikationen k\u00f6nnen durch die betroffene Person genutzt werden, um eine Daten\u00fcbermittlung an Facebook zu unterdr\u00fccken.<\/p>\n<p>&nbsp;<\/p>\n<p>&nbsp;<\/p>\n","protected":false},"excerpt":{"rendered":"<p>&nbsp; Sch\u00fctzengesellschaft Triumph N\u00fcrnberg e.V. Bernhard-von-Weimar-Str. 5 90768 F\u00fcrth &nbsp; Vertreten durch: Erster Sch\u00fctzenmeister:\u00a0\u00a0\u00a0\u00a0\u00a0\u00a0\u00a0\u00a0 Herr Hans-Rainer Beetz, Tel.: +49 (0)911 9726461, hans-rainer.beetz@t-online.de Zweite Sch\u00fctzenmeisterin:\u00a0 \u00a0 \u00a0Frau Ingeborg Krauss Verantwortlicher: Tel.: +49 (0)911 9726461 hans-rainer.beetz@t-online.de &nbsp; Allgemeine Hinweise Nachfolgend m\u00f6chten wir Sie \u00fcber die Art, den Umfang und die Zwecke der&#8230;<\/p>\n","protected":false},"author":1,"featured_media":0,"parent":0,"menu_order":0,"comment_status":"closed","ping_status":"closed","template":"","meta":{"footnotes":""},"class_list":["post-116","page","type-page","status-publish","hentry"],"_links":{"self":[{"href":"https:\/\/triumph-schuetzen.de\/index.php?rest_route=\/wp\/v2\/pages\/116","targetHints":{"allow":["GET"]}}],"collection":[{"href":"https:\/\/triumph-schuetzen.de\/index.php?rest_route=\/wp\/v2\/pages"}],"about":[{"href":"https:\/\/triumph-schuetzen.de\/index.php?rest_route=\/wp\/v2\/types\/page"}],"author":[{"embeddable":true,"href":"https:\/\/triumph-schuetzen.de\/index.php?rest_route=\/wp\/v2\/users\/1"}],"replies":[{"embeddable":true,"href":"https:\/\/triumph-schuetzen.de\/index.php?rest_route=%2Fwp%2Fv2%2Fcomments&post=116"}],"version-history":[{"count":7,"href":"https:\/\/triumph-schuetzen.de\/index.php?rest_route=\/wp\/v2\/pages\/116\/revisions"}],"predecessor-version":[{"id":2159,"href":"https:\/\/triumph-schuetzen.de\/index.php?rest_route=\/wp\/v2\/pages\/116\/revisions\/2159"}],"wp:attachment":[{"href":"https:\/\/triumph-schuetzen.de\/index.php?rest_route=%2Fwp%2Fv2%2Fmedia&parent=116"}],"curies":[{"name":"wp","href":"https:\/\/api.w.org\/{rel}","templated":true}]}}